{"id":23,"date":"2015-04-29T14:47:22","date_gmt":"2015-04-29T12:47:22","guid":{"rendered":"http:\/\/mlw-art.de\/wp\/?page_id=23"},"modified":"2023-07-20T18:48:35","modified_gmt":"2023-07-20T16:48:35","slug":"profil","status":"publish","type":"page","link":"https:\/\/mlw-art.de\/?page_id=23","title":{"rendered":"Profil"},"content":{"rendered":"<table class=\" aligncenter\" style=\"margin-top: 20px;\" align=\"center\">\n<tbody>\n<tr>\n<td><img loading=\"lazy\" decoding=\"async\" class=\"wp-image-353 size-medium\" style=\"padding-top: 20px;\" src=\"http:\/\/mlw-art.de\/wp\/wp-content\/uploads\/Portr\u00e4t-214x300.jpg\" alt=\"Portr\u00e4t\" width=\"214\" height=\"300\" srcset=\"https:\/\/mlw-art.de\/wp-content\/uploads\/Portr\u00e4t-214x300.jpg 214w, https:\/\/mlw-art.de\/wp-content\/uploads\/Portr\u00e4t-548x768.jpg 548w, https:\/\/mlw-art.de\/wp-content\/uploads\/Portr\u00e4t.jpg 567w\" sizes=\"auto, (max-width: 214px) 100vw, 214px\" \/>Foto: Joachim Rommel<\/p>\n<h5><\/h5>\n<\/td>\n<td style=\"padding-left: 15px;\"><span style=\"color: #ffffff;\"><span class=\"Stil6\">Marie-Luise Ippich<\/span>\u00a0&#8211; Diplom Textil Designerin\u00a0<strong>1958<\/strong>\u00a0geboren in Bad Oeynhausen<\/span><\/p>\n<p><strong>1975-1977<\/strong>\u00a0Carl-Severing Schule, Bielefeld<br \/>\nFachbereich Gestaltung<br \/>\n<strong>1977-1981<\/strong> Studium f\u00fcr Textil-Design an der Fachhochschule, Bielefeld mit Abschlu\u00df zum Diplom Designer. Textil Design: Professor Hans-Joachim Domachowski, Zeichnerische Darstellung und Malerei: Professorin Ingrid D\u00f6rries H\u00f6her, Plastisches Gestalten: Professor Hans Grohe\u00b4, Kunstgeschichte: Professor Roland G\u00fcnter.<br \/>\n<strong>1981-1982<\/strong>\u00a0Freie T\u00e4tigkeit als Textil Designerin,<br \/>\nEntw\u00fcrfe f\u00fcr Kleiderstoffe und Wirkwaren.<br \/>\n<strong>1983-1984<\/strong> Textil Designerin,<br \/>\nEffektgarnentwicklung, Farbgebung und Kollektionsgestaltung<br \/>\nKulmbacher Spinnerei AG<br \/>\n<strong>1984-1997<\/strong>\u00a0Textil Designerin, Entwicklung Farbgebung Textile Bodenbel\u00e4ge<br \/>\nFarbgebung und Kollektionsentwicklung textiler und elastischer Bodenbel\u00e4ge<br \/>\nDLW AG, Bietigheim-Bissingen<br \/>\n<strong>1997-1999<\/strong>\u00a0Digitalfotografie, Bildaufbereitung f\u00fcr Digitaldruck<br \/>\nDLW AG, Bietigheim-Bissingen<br \/>\n<strong>2000-2009<\/strong>\u00a0Technical Designsupport, CAD Verlegeplanung, Intarsien Design<br \/>\nArmstrong DLW AG, Bietigheim-Bissingen<br \/>\n<strong>2010-heute<\/strong>\u00a0freiberufliche T\u00e4tigkeit im eigenen Atelier und Planungsb\u00fcro, als Partner f\u00fcr Fl\u00e4chen-Design, Entwurf und Farbkonzeption, sowie individuelles Intarsien-Design mit<br \/>\nCAD-Planung.<\/td>\n<\/tr>\n<tr>\n<td style=\"padding-left: 15px;\"><\/td>\n<\/tr>\n<\/tbody>\n<\/table>\n","protected":false},"excerpt":{"rendered":"<p>Foto: Joachim Rommel Marie-Luise Ippich\u00a0&#8211; Diplom Textil Designerin\u00a01958\u00a0geboren in Bad Oeynhausen 1975-1977\u00a0Carl-Severing Schule, Bielefeld Fachbereich Gestaltung 1977-1981 Studium f\u00fcr Textil-Design an der Fachhochschule, Bielefeld mit Abschlu\u00df zum Diplom Designer. Textil Design: Professor Hans-Joachim Domachowski, Zeichnerische Darstellung und Malerei: Professorin Ingrid D\u00f6rries H\u00f6her, Plastisches Gestalten: Professor Hans Grohe\u00b4, Kunstgeschichte: Professor Roland G\u00fcnter. 1981-1982\u00a0Freie T\u00e4tigkeit als Textil [&hellip;]<\/p>\n","protected":false},"author":1,"featured_media":0,"parent":0,"menu_order":0,"comment_status":"open","ping_status":"open","template":"","meta":{"footnotes":""},"class_list":["post-23","page","type-page","status-publish","hentry"],"aioseo_notices":[],"_links":{"self":[{"href":"https:\/\/mlw-art.de\/index.php?rest_route=\/wp\/v2\/pages\/23","targetHints":{"allow":["GET"]}}],"collection":[{"href":"https:\/\/mlw-art.de\/index.php?rest_route=\/wp\/v2\/pages"}],"about":[{"href":"https:\/\/mlw-art.de\/index.php?rest_route=\/wp\/v2\/types\/page"}],"author":[{"embeddable":true,"href":"https:\/\/mlw-art.de\/index.php?rest_route=\/wp\/v2\/users\/1"}],"replies":[{"embeddable":true,"href":"https:\/\/mlw-art.de\/index.php?rest_route=%2Fwp%2Fv2%2Fcomments&post=23"}],"version-history":[{"count":61,"href":"https:\/\/mlw-art.de\/index.php?rest_route=\/wp\/v2\/pages\/23\/revisions"}],"predecessor-version":[{"id":3245,"href":"https:\/\/mlw-art.de\/index.php?rest_route=\/wp\/v2\/pages\/23\/revisions\/3245"}],"wp:attachment":[{"href":"https:\/\/mlw-art.de\/index.php?rest_route=%2Fwp%2Fv2%2Fmedia&parent=23"}],"curies":[{"name":"wp","href":"https:\/\/api.w.org\/{rel}","templated":true}]}}