{"id":389,"date":"2015-06-25T11:26:27","date_gmt":"2015-06-25T09:26:27","guid":{"rendered":"http:\/\/mlw-art.de\/wp\/?page_id=389"},"modified":"2018-04-15T14:27:57","modified_gmt":"2018-04-15T12:27:57","slug":"cad-planung","status":"publish","type":"page","link":"https:\/\/mlw-art.de\/?page_id=389","title":{"rendered":"CAD Planung"},"content":{"rendered":"<p style=\"text-align: justify;\">\r\n\t\t\t\t\t\n\r\n\t\t\t\t\t<!-- START UNITE GALLERY 1.7.62 -->\r\n\t\t\t\t\t\r\n\t\t\t\t\n\t\t\t<div id='unitegallery_4_1' class='unite-gallery' style='margin:0px auto;margin-top:19px;margin-bottom:1px;'>\n\t\t\t\t\n\n\t\t\t\t\t\t<img alt=\"CAD-Planung01\"\n\t\t\t\t\t\t     src=\"\" data-image=\"https:\/\/mlw-art.de\/wp-content\/uploads\/CAD-Planung012.jpg\"\n\t\t\t\t\t\t     data-thumb=\"https:\/\/mlw-art.de\/wp-content\/uploads\/CAD-Planung012-300x183.jpg\"\n\t\t\t\t\t\t     title=\"\"\n\t\t\t\t\t\t     style=\"display:none\">\n\n\t\t\t\t\t\t<img alt=\"CAD-Planung03\"\n\t\t\t\t\t\t     src=\"\" data-image=\"https:\/\/mlw-art.de\/wp-content\/uploads\/CAD-Planung031.jpg\"\n\t\t\t\t\t\t     data-thumb=\"https:\/\/mlw-art.de\/wp-content\/uploads\/CAD-Planung031-300x183.jpg\"\n\t\t\t\t\t\t     title=\"\"\n\t\t\t\t\t\t     style=\"display:none\">\n\n\t\t\t\t\t\t<img alt=\"CAD-Planung04\"\n\t\t\t\t\t\t     src=\"\" data-image=\"https:\/\/mlw-art.de\/wp-content\/uploads\/CAD-Planung051.jpg\"\n\t\t\t\t\t\t     data-thumb=\"https:\/\/mlw-art.de\/wp-content\/uploads\/CAD-Planung051-300x183.jpg\"\n\t\t\t\t\t\t     title=\"\"\n\t\t\t\t\t\t     style=\"display:none\">\n\n\t\t\t\t\t\t<img alt=\"cad-planung10\"\n\t\t\t\t\t\t     src=\"\" data-image=\"https:\/\/mlw-art.de\/wp-content\/uploads\/CAD-Planung10.jpg\"\n\t\t\t\t\t\t     data-thumb=\"https:\/\/mlw-art.de\/wp-content\/uploads\/CAD-Planung10-300x183.jpg\"\n\t\t\t\t\t\t     title=\"\"\n\t\t\t\t\t\t     style=\"display:none\">\n\n\t\t\t\t\t\t<img alt=\"cad-planung06\"\n\t\t\t\t\t\t     src=\"\" data-image=\"https:\/\/mlw-art.de\/wp-content\/uploads\/CAD-Planung06-.jpg\"\n\t\t\t\t\t\t     data-thumb=\"https:\/\/mlw-art.de\/wp-content\/uploads\/CAD-Planung06--300x183.jpg\"\n\t\t\t\t\t\t     title=\"\"\n\t\t\t\t\t\t     style=\"display:none\">\n\n\t\t\t\t\t\t<img alt=\"cad-planung07\"\n\t\t\t\t\t\t     src=\"\" data-image=\"https:\/\/mlw-art.de\/wp-content\/uploads\/CAD-Planung07-.jpg\"\n\t\t\t\t\t\t     data-thumb=\"https:\/\/mlw-art.de\/wp-content\/uploads\/CAD-Planung07--300x183.jpg\"\n\t\t\t\t\t\t     title=\"\"\n\t\t\t\t\t\t     style=\"display:none\">\n\n\t\t\t\t\t\t<img alt=\"CAD-Planung09\"\n\t\t\t\t\t\t     src=\"\" data-image=\"https:\/\/mlw-art.de\/wp-content\/uploads\/CAD-Planung09-1.jpg\"\n\t\t\t\t\t\t     data-thumb=\"https:\/\/mlw-art.de\/wp-content\/uploads\/CAD-Planung09-1-300x183.jpg\"\n\t\t\t\t\t\t     title=\"\"\n\t\t\t\t\t\t     style=\"display:none\">\n\n\t\t\t\t\t\t<img alt=\"cad-planung04-1\"\n\t\t\t\t\t\t     src=\"\" data-image=\"https:\/\/mlw-art.de\/wp-content\/uploads\/CAD-Planung04-1.jpg\"\n\t\t\t\t\t\t     data-thumb=\"https:\/\/mlw-art.de\/wp-content\/uploads\/CAD-Planung04-1-300x183.jpg\"\n\t\t\t\t\t\t     title=\"\"\n\t\t\t\t\t\t     style=\"display:none\">\n\t\t\t<\/div>\n\n\t\t\t<script type='text\/javascript'>\n\t\t\t\twindow.onload = function(e) {\n\t\t\t\t\tif(typeof ugCheckForErrors == \"undefined\"){\n\t\t\t\t\t\tdocument.getElementById(\"unitegallery_4_1\").innerHTML = \"<span style='color:red'>Unite Gallery Error - gallery js and css files not included in the footer. Please make sure that wp_footer() function is added to your theme.<\/span>\";}\n\t\t\t\t\telse{ ugCheckForErrors(\"unitegallery_4_1\", \"jquery\");}\n\t\t\t\t};\n\t\t\t<\/script>\n\n\t\t\t<!-- END UNITEGALLERY --><\/p>\n<p>&nbsp;<\/p>\n<p>&nbsp;<\/p>\n<hr \/>\n<p style=\"text-align: justify;\"><strong>VERLEGEPL\u00c4NE NACH MASS<\/strong><\/p>\n<p style=\"text-align: justify;\"><span style=\"color: #ffffff;\"><strong>Wir erstellen f\u00fcr Sie die erforderlichen 2D- oder 3D- CAD Pl\u00e4ne, integrieren Intarsien in ihren Grundriss und bereiten die Verlegepl\u00e4ne nach ihren W\u00fcnschen vor. So haben Sie im Vorfeld zun\u00e4chst eine Vorstellung der optischen Wirkung, der technischen Machbarkeit und der Verleger erh\u00e4lt eine gute Grundlage zur Umsetzung.<\/strong><\/span><\/p>\n<hr \/>\n<p style=\"text-align: justify;\"><span style=\"color: #999999;\"><br \/>\n<\/span><\/p>\n","protected":false},"excerpt":{"rendered":"<p>&nbsp; &nbsp; VERLEGEPL\u00c4NE NACH MASS Wir erstellen f\u00fcr Sie die erforderlichen 2D- oder 3D- CAD Pl\u00e4ne, integrieren Intarsien in ihren Grundriss und bereiten die Verlegepl\u00e4ne nach ihren W\u00fcnschen vor. So haben Sie im Vorfeld zun\u00e4chst eine Vorstellung der optischen Wirkung, der technischen Machbarkeit und der Verleger erh\u00e4lt eine gute Grundlage zur Umsetzung.<\/p>\n","protected":false},"author":1,"featured_media":0,"parent":0,"menu_order":0,"comment_status":"open","ping_status":"open","template":"","meta":{"footnotes":""},"class_list":["post-389","page","type-page","status-publish","hentry"],"aioseo_notices":[],"_links":{"self":[{"href":"https:\/\/mlw-art.de\/index.php?rest_route=\/wp\/v2\/pages\/389","targetHints":{"allow":["GET"]}}],"collection":[{"href":"https:\/\/mlw-art.de\/index.php?rest_route=\/wp\/v2\/pages"}],"about":[{"href":"https:\/\/mlw-art.de\/index.php?rest_route=\/wp\/v2\/types\/page"}],"author":[{"embeddable":true,"href":"https:\/\/mlw-art.de\/index.php?rest_route=\/wp\/v2\/users\/1"}],"replies":[{"embeddable":true,"href":"https:\/\/mlw-art.de\/index.php?rest_route=%2Fwp%2Fv2%2Fcomments&post=389"}],"version-history":[{"count":40,"href":"https:\/\/mlw-art.de\/index.php?rest_route=\/wp\/v2\/pages\/389\/revisions"}],"predecessor-version":[{"id":2638,"href":"https:\/\/mlw-art.de\/index.php?rest_route=\/wp\/v2\/pages\/389\/revisions\/2638"}],"wp:attachment":[{"href":"https:\/\/mlw-art.de\/index.php?rest_route=%2Fwp%2Fv2%2Fmedia&parent=389"}],"curies":[{"name":"wp","href":"https:\/\/api.w.org\/{rel}","templated":true}]}}